{"id":4084999,"date":"2026-01-27T03:05:19","date_gmt":"2026-01-27T03:05:19","guid":{"rendered":"https:\/\/thevestastore.com\/?post_type=product&#038;p=4084999"},"modified":"2026-01-27T04:34:00","modified_gmt":"2026-01-27T04:34:00","slug":"cosmetiquera-corazon","status":"publish","type":"product","link":"https:\/\/thevestastore.com\/en\/product\/cosmetiquera-corazon\/","title":{"rendered":"COSMETIQUERA CORAZ\u00d3N"},"content":{"rendered":"<p>El regalo que dice \u00abpense en ti\u00bb sin decir una palabra. Cosmetiquera coraz\u00f3n es perfecta para sorprender (o consentirte) este San Valent\u00edn. Si est\u00e1s buscando un regalo lindo, \u00fatil &amp; que enamore&#8230; es este!<\/p>","protected":false},"excerpt":{"rendered":"<p>Cosmetiquera Coraz\u00f3n por tiempo limitado. 100% Algod\u00f3n<\/p>","protected":false},"featured_media":0,"comment_status":"open","ping_status":"closed","template":"","meta":{"site-sidebar-layout":"default","site-content-layout":"","ast-site-content-layout":"default","site-content-style":"default","site-sidebar-style":"default","ast-global-header-display":"","ast-banner-title-visibility":"","ast-main-header-display":"","ast-hfb-above-header-display":"","ast-hfb-below-header-display":"","ast-hfb-mobile-header-display":"","site-post-title":"","ast-breadcrumbs-content":"","ast-featured-img":"","footer-sml-layout":"","ast-disable-related-posts":"","theme-transparent-header-meta":"default","adv-header-id-meta":"","stick-header-meta":"","header-above-stick-meta":"","header-main-stick-meta":"","header-below-stick-meta":"","astra-migrate-meta-layouts":"set","ast-page-background-enabled":"default","ast-page-background-meta":{"desktop":{"background-color":"var(--ast-global-color-4)","background-image":"","background-repeat":"repeat","background-position":"center center","background-size":"auto","background-attachment":"scroll","background-type":"","background-media":"","overlay-type":"","overlay-color":"","overlay-opacity":"","overlay-gradient":""},"tablet":{"background-color":"","background-image":"","background-repeat":"repeat","background-position":"center center","background-size":"auto","background-attachment":"scroll","background-type":"","background-media":"","overlay-type":"","overlay-color":"","overlay-opacity":"","overlay-gradient":""},"mobile":{"background-color":"","background-image":"","background-repeat":"repeat","background-position":"center center","background-size":"auto","background-attachment":"scroll","background-type":"","background-media":"","overlay-type":"","overlay-color":"","overlay-opacity":"","overlay-gradient":""}},"ast-content-background-meta":{"desktop":{"background-color":"var(--ast-global-color-5)","background-image":"","background-repeat":"repeat","background-position":"center center","background-size":"auto","background-attachment":"scroll","background-type":"","background-media":"","overlay-type":"","overlay-color":"","overlay-opacity":"","overlay-gradient":""},"tablet":{"background-color":"var(--ast-global-color-5)","background-image":"","background-repeat":"repeat","background-position":"center center","background-size":"auto","background-attachment":"scroll","background-type":"","background-media":"","overlay-type":"","overlay-color":"","overlay-opacity":"","overlay-gradient":""},"mobile":{"background-color":"var(--ast-global-color-5)","background-image":"","background-repeat":"repeat","background-position":"center center","background-size":"auto","background-attachment":"scroll","background-type":"","background-media":"","overlay-type":"","overlay-color":"","overlay-opacity":"","overlay-gradient":""}}},"product_cat":[312,51],"product_tag":[294,339,337,338,296,340],"class_list":{"0":"post-4084999","1":"product","2":"type-product","3":"status-publish","5":"product_cat-cosmetiquera","6":"product_cat-dia-de-san-valentin","7":"product_tag-corazon","8":"product_tag-corazon-rojo","9":"product_tag-cosmetiquera","10":"product_tag-cosmetiquera-corazon","11":"product_tag-dia-del-carino","12":"product_tag-edicion-limitada","13":"desktop-align-left","14":"tablet-align-left","15":"mobile-align-left","16":"ast-product-gallery-layout-horizontal-slider","17":"ast-product-tabs-layout-horizontal","19":"first","20":"instock","21":"taxable","22":"shipping-taxable","23":"purchasable","24":"product-type-simple"},"column":true,"wpcf_product":{"display_name":"Vesta Prueba","location":"","funding_goal":"","total_raised":0,"raised_percent":"0%","desc":"","days_remaining":"0","product_thumb":"<img width=\"300\" height=\"300\" src=\"https:\/\/tipi-cdn-1.sfo3.cdn.digitaloceanspaces.com\/vesta\/woocommerce-placeholder.png\" class=\"woocommerce-placeholder wp-post-image\" alt=\"Placeholder\" decoding=\"async\" \/>"},"wpcf_dashboard":"<div class=\"woocommerce\"><div class=\"woocommerce-info\">Please log in first? <a class=\"wpneoShowLogin\" href=\"#\">Click here to login<\/a><\/div><div class=\"wpneo_login_form_div\" style=\"display: none;\"><form name=\"loginform\" id=\"loginform\" action=\"https:\/\/thevestastore.com\/wp-login.php\" method=\"post\"><p class=\"login-username\">\n\t\t\t\t<label for=\"user_login\">Username or Email Address<\/label>\n\t\t\t\t<input type=\"text\" name=\"log\" id=\"user_login\" autocomplete=\"username\" class=\"input\" value=\"\" size=\"20\" \/>\n\t\t\t<\/p><p class=\"login-password\">\n\t\t\t\t<label for=\"user_pass\">Password<\/label>\n\t\t\t\t<input type=\"password\" name=\"pwd\" id=\"user_pass\" autocomplete=\"current-password\" spellcheck=\"false\" class=\"input\" value=\"\" size=\"20\" \/>\n\t\t\t<\/p><p class=\"login-remember\"><label><input name=\"rememberme\" type=\"checkbox\" id=\"rememberme\" value=\"forever\" \/> Remember Me<\/label><\/p><p class=\"login-submit\">\n\t\t\t\t<input type=\"submit\" name=\"wp-submit\" id=\"wp-submit\" class=\"button button-primary\" value=\"Log In\" \/>\n\t\t\t\t<input type=\"hidden\" name=\"redirect_to\" value=\"https:\/\/thevestastore.com\/en\/wp-json\/wp\/v2\/product\/4084999\" \/>\n\t\t\t<\/p><\/form><\/div><\/div>","wpcf_single_campaign":"\n<div class=\"wpneo-wrapper\">\n    <div class=\"wpneocf-container\">\n        <div id=\"primary\" class=\"content-area\">\n            <div id=\"content\" class=\"site-content\" role=\"main\">\n                <div class=\"wpneo-list-details\">\n\n\t\t\t\t\t                    <div itemscope itemtype=\"http:\/\/schema.org\/ItemList\" id=\"campaign-4084999\" class=\"post-4084999 product type-product status-publish product_cat-cosmetiquera product_cat-dia-de-san-valentin product_tag-corazon product_tag-corazon-rojo product_tag-cosmetiquera product_tag-cosmetiquera-corazon product_tag-dia-del-carino product_tag-edicion-limitada desktop-align-left tablet-align-left mobile-align-left ast-product-gallery-layout-horizontal-slider ast-product-tabs-layout-horizontal  instock taxable shipping-taxable purchasable product-type-simple\">\n\t\t\t\t\t\t<div class=\"wpneo-campaign-single-left-info\">\n    <div class=\"wpneo-post-img\">   \n        <img src=\"https:\/\/tipi-cdn-1.sfo3.cdn.digitaloceanspaces.com\/vesta\/woocommerce-placeholder.png\" alt=\"Placeholder\" \/>            <\/div>\n    \n    <div style=\"clear: both\"><\/div>\n<div class=\"wpneo-single-short-description\">\n    <h2>Short Story<\/h2>\n    <div itemprop=\"description\">\n        <p>Cosmetiquera Coraz\u00f3n por tiempo limitado. 100% Algod\u00f3n<\/p>\n    <\/div>\n<\/div>\n<\/div>                        <div class=\"wpneo-campaign-summary\">\n                            <div class=\"wpneo-campaign-summary-inner\" itemscope itemtype=\"http:\/\/schema.org\/DonateAction\">\n\t\t\t\t\t\t\t\t<h2 class=\"wpneo-campaign-title\">COSMETIQUERA CORAZ\u00d3N<\/h2><p class=\"wpneo-author-info\">\n    by    <a href=\"javascript:;\" data-author=\"1\" class=\"wpneo-fund-modal-btn\">Vesta Prueba<\/a>\n<\/p><div class=\"woocommerce\"><\/div><div class=\"campaign-funding-info\">\n    <ul>\n        <li>\n            <p class=\"funding-amount\">\n                Not Set            <\/p>\n            <span class=\"info-text\">Funding Goal<\/span>\n        <\/li>\n        <li>\n            <p class=\"funding-amount\"><span class=\"woocommerce-Price-amount amount\"><bdi><span class=\"woocommerce-Price-currencySymbol\">Q<\/span>&nbsp;0.00<\/bdi><\/span><\/p>\n            <span class=\"info-text\">Funds Raised<\/span>\n        <\/li>\n                    <li>\n                                    <p class=\"funding-amount\">0<\/p>\n                    <span class=\"info-text\">Days to go<\/span>\n                            <\/li>\n        \n        <li>\n            <p class=\"funding-amount\">\n                Target Date            <\/p>\n            <span class=\"info-text\">Campaign End Method<\/span>\n        <\/li>\n    <\/ul>\n<\/div><div class=\"wpneo-raised-percent\">\n    <div class=\"wpneo-meta-name\">Raised Percent :<\/div>\n    <div class=\"wpneo-meta-desc\" >0%<\/div>\n<\/div>\n<div class=\"wpneo-raised-bar\">\n    <div id=\"neo-progressbar\">\n                <div style=\"width: 0%\"><\/div>\n    <\/div>\n<\/div><div class=\"wpneo-single-sidebar ASA\">\n\t<\/div>\n<div class=\"wpneo-campaign-creator-info-wrapper\">\n    <div class=\"wpneo-campaign-creator-avatar\">\n                                    <img alt='' src='https:\/\/secure.gravatar.com\/avatar\/462e32929ca46f7bcbfd395013bc987f6519406ecb439d35e0ae2f0cc99e812a?s=80&#038;d=mm&#038;r=g' srcset='https:\/\/secure.gravatar.com\/avatar\/462e32929ca46f7bcbfd395013bc987f6519406ecb439d35e0ae2f0cc99e812a?s=160&#038;d=mm&#038;r=g 2x' class='avatar avatar-80 photo' height='80' width='80' decoding='async'\/>                        <\/div>\n    <div class=\"wpneo-campaign-creator-details\">\n        <p><a href=\"javascript:;\" data-author=\"1\" class=\"wpneo-fund-modal-btn\" >Vesta Prueba<\/a> <\/p>\n        <p>1 Campaigns | 0 Loved campaigns <\/p>\n                <p><a href=\"javascript:;\" data-author=\"1\" class=\"wpneo-fund-modal-btn wpneo-link-style1\"><strong>See full bio<\/strong><\/a><\/p>\n    <\/div>\n<\/div>                            <\/div><!-- .wpneo-campaign-summary-inner -->\n                        <\/div><!-- .wpneo-campaign-summary -->\n\t\t\t\t\t\t\n    <div class=\"wpneo-tabs\">\n        <ul class=\"wpneo-tabs-menu\">\n                            <li class=\"wpneo-current description_tab\">\n                    <a href=\"#wpneo-tab-description\">Campaign Story<\/a>\n                <\/li>\n                            <li class=\" reviews_tab\">\n                    <a href=\"#wpneo-tab-reviews\">Reviews (0)<\/a>\n                <\/li>\n                    <\/ul>\n        <div class=\"wpneo-tab\">\n                            <div id=\"wpneo-tab-description\" class=\"wpneo-tab-content\">\n                    \n    <div class=\"tab-description tab_col_9 tab-campaign-story-left\">\n        <h2>Campaign Story<\/h2>\n        <p>El regalo que dice \u00abpense en ti\u00bb sin decir una palabra. Cosmetiquera coraz\u00f3n es perfecta para sorprender (o consentirte) este San Valent\u00edn. Si est\u00e1s buscando un regalo lindo, \u00fatil &amp; que enamore&#8230; es este!<\/p>\n    <\/div>\n\n<div class=\"tab-rewards tab_col_3 tab-campaign-story-right\">\n    <div style=\"clear: both\"><\/div>\n\t<div style=\"clear: both\"><\/div>\n<\/div>                <\/div>\n                            <div id=\"wpneo-tab-reviews\" class=\"wpneo-tab-content\">\n                                    <\/div>\n                    <\/div>\n        <div class=\"clear-float\"><\/div>\n    <\/div>\n\n                        <meta itemprop=\"url\" content=\"https:\/\/thevestastore.com\/en\/product\/cosmetiquera-corazon\/\" \/>\n                    <\/div><!-- #campaign-4084999 -->\n\t\t\t\t\t\t\t\t\t\t\n                <\/div>\n            <\/div><!-- #content -->\n        <\/div><!-- #primary -->\n    <\/div>\n\n<\/div>\n","wpcf_popular_campaign":[],"wpcf_project_listing":[{"ID":4083753,"post_author":"1","post_date":"2021-08-04 22:57:43","post_date_gmt":"2021-08-04 22:57:43","post_content":"<div>\r\n<div class=\"grid-donacion\">\r\n<div>\r\n<h3>\u00a1Somos VESTA!<\/h3>\r\nONG Madre Naturaleza reconoce la necesidad de oportunidades de desarrollo en el \u00e1rea rural de Guatemala, dando oportunidad al grupo vulnerable de generar ingresos de forma r\u00e1pida y continua, necesitamos apoyos econ\u00f3micos para trasladarnos a otras regi\u00f3nes y llevar esta oportunidad a m\u00e1s mujeres.\r\n\r\nImpulsamos su potencial por medio de capacitaciones acertadas que dan como resultado la creaci\u00f3n de los incre\u00edbles productos que llegan a dar calidez a los hogares del pa\u00eds. De cada 4 mujeres del \u00e1rea rural en Guatemala, 1 mujer no obtuvo ningun grado de escolaridad quedando vulnerable a los abusos de la sociedad. Ahora queremos mostrarle al mundo el trabajo de nuestras artesanas rompiendo las fronteras de Guatemala. \u00bfEst\u00e1s listo\/a para cambiar el juego con nosotros?\r\n\r\n<\/div>\r\n<div class=\"donacion-image\"><\/div>\r\n<div style=\"margin-top: 25px;\">\r\n\r\nCon tu donaci\u00f3n estas llevando m\u00e1s capacitaci\u00f3n acertada a m\u00e1s familias, creando nuevas oportunidades inexistentes en nuestro pa\u00eds.\r\n<p class=\"aling-donacion\">\u00a1HECHO A MANO ES MEJOR!<\/p>\r\n\r\n<\/div>\r\n<div style=\"margin-top: 25px;\"><iframe title=\"YouTube video player\" src=\"https:\/\/www.youtube.com\/embed\/jtdWRe7I-gw?si=cuGsvi9zhs-YwMgQ\" width=\"570\" height=\"319\" frameborder=\"0\" allowfullscreen=\"allowfullscreen\"><\/iframe><\/div>\r\n<\/div>\r\n<\/div>","post_title":"\u00a1TU DONACI\u00d3N HACE EL CAMBIO!","post_excerpt":"","post_status":"publish","comment_status":"closed","ping_status":"closed","post_password":"","post_name":"donar","to_ping":"","pinged":"","post_modified":"2025-12-04 03:21:22","post_modified_gmt":"2025-12-04 03:21:22","post_content_filtered":"","post_parent":0,"guid":"https:\/\/thevestastore.com\/?post_type=product&#038;p=4083753","menu_order":0,"post_type":"product","post_mime_type":"","comment_count":"0","filter":"raw"}],"_links":{"self":[{"href":"https:\/\/thevestastore.com\/en\/wp-json\/wp\/v2\/product\/4084999","targetHints":{"allow":["GET"]}}],"collection":[{"href":"https:\/\/thevestastore.com\/en\/wp-json\/wp\/v2\/product"}],"about":[{"href":"https:\/\/thevestastore.com\/en\/wp-json\/wp\/v2\/types\/product"}],"replies":[{"embeddable":true,"href":"https:\/\/thevestastore.com\/en\/wp-json\/wp\/v2\/comments?post=4084999"}],"wp:attachment":[{"href":"https:\/\/thevestastore.com\/en\/wp-json\/wp\/v2\/media?parent=4084999"}],"wp:term":[{"taxonomy":"product_cat","embeddable":true,"href":"https:\/\/thevestastore.com\/en\/wp-json\/wp\/v2\/product_cat?post=4084999"},{"taxonomy":"product_tag","embeddable":true,"href":"https:\/\/thevestastore.com\/en\/wp-json\/wp\/v2\/product_tag?post=4084999"}],"curies":[{"name":"wp","href":"https:\/\/api.w.org\/{rel}","templated":true}]}}