{"id":4083753,"date":"2021-08-04T22:57:43","date_gmt":"2021-08-04T22:57:43","guid":{"rendered":"https:\/\/thevestastore.com\/?post_type=product&#038;p=4083753"},"modified":"2025-12-04T03:21:22","modified_gmt":"2025-12-04T03:21:22","slug":"donar","status":"publish","type":"product","link":"https:\/\/thevestastore.com\/en\/product\/donar\/","title":{"rendered":"YOUR DONATION MAKES THE CHANGE!"},"content":{"rendered":"<div>\n<div class=\"grid-donacion\">\n<div>\n<h3>We are VESTA!<\/h3>\n<p>ONG Madre Naturaleza reconoce la necesidad de oportunidades de desarrollo en el \u00e1rea rural de Guatemala, dando oportunidad al grupo vulnerable de generar ingresos de forma r\u00e1pida y continua, necesitamos apoyos econ\u00f3micos para trasladarnos a otras regi\u00f3nes y llevar esta oportunidad a m\u00e1s mujeres.<\/p>\n<p>Impulsamos su potencial por medio de capacitaciones acertadas que dan como resultado la creaci\u00f3n de los incre\u00edbles productos que llegan a dar calidez a los hogares del pa\u00eds. De cada 4 mujeres del \u00e1rea rural en Guatemala, 1 mujer no obtuvo ningun grado de escolaridad quedando vulnerable a los abusos de la sociedad. Ahora queremos mostrarle al mundo el trabajo de nuestras artesanas rompiendo las fronteras de Guatemala. \u00bfEst\u00e1s listo\/a para cambiar el juego con nosotros?<\/p>\n<\/div>\n<div class=\"donacion-image\"><\/div>\n<div style=\"margin-top: 25px;\">\n<p>With your donation you are bringing more successful training to more families, creating new opportunities that do not exist in our country.<\/p>\n<p class=\"aling-donacion\">HANDMADE IS BEST!<\/p>\n<\/div>\n<div style=\"margin-top: 25px;\"><iframe title=\"YouTube video player\" src=\"https:\/\/www.youtube.com\/embed\/jtdWRe7I-gw?si=cuGsvi9zhs-YwMgQ\" width=\"570\" height=\"319\" frameborder=\"0\" allowfullscreen=\"allowfullscreen\"><\/iframe><\/div>\n<\/div>\n<\/div>","protected":false},"excerpt":{"rendered":"<p>\u00a1Somos VESTA! ONG Madre Naturaleza reconoce la necesidad de oportunidades de desarrollo en el \u00e1rea rural de Guatemala, dando oportunidad al grupo vulnerable de generar ingresos de forma r\u00e1pida y continua, necesitamos apoyos econ\u00f3micos para trasladarnos a otras regi\u00f3nes y llevar esta oportunidad a m\u00e1s mujeres. Impulsamos su potencial por medio de capacitaciones acertadas que [&hellip;]<\/p>","protected":false},"featured_media":4084820,"comment_status":"closed","ping_status":"closed","template":"","meta":{"site-sidebar-layout":"default","site-content-layout":"default","ast-site-content-layout":"default","site-content-style":"default","site-sidebar-style":"default","ast-global-header-display":"","ast-banner-title-visibility":"","ast-main-header-display":"","ast-hfb-above-header-display":"","ast-hfb-below-header-display":"","ast-hfb-mobile-header-display":"","site-post-title":"","ast-breadcrumbs-content":"","ast-featured-img":"","footer-sml-layout":"","ast-disable-related-posts":"","theme-transparent-header-meta":"default","adv-header-id-meta":"","stick-header-meta":"","header-above-stick-meta":"","header-main-stick-meta":"","header-below-stick-meta":"","astra-migrate-meta-layouts":"set","ast-page-background-enabled":"default","ast-page-background-meta":{"desktop":{"background-color":"var(--ast-global-color-4)","background-image":"","background-repeat":"repeat","background-position":"center center","background-size":"auto","background-attachment":"scroll","background-type":"","background-media":"","overlay-type":"","overlay-color":"","overlay-opacity":"","overlay-gradient":""},"tablet":{"background-color":"","background-image":"","background-repeat":"repeat","background-position":"center center","background-size":"auto","background-attachment":"scroll","background-type":"","background-media":"","overlay-type":"","overlay-color":"","overlay-opacity":"","overlay-gradient":""},"mobile":{"background-color":"","background-image":"","background-repeat":"repeat","background-position":"center center","background-size":"auto","background-attachment":"scroll","background-type":"","background-media":"","overlay-type":"","overlay-color":"","overlay-opacity":"","overlay-gradient":""}},"ast-content-background-meta":{"desktop":{"background-color":"var(--ast-global-color-5)","background-image":"","background-repeat":"repeat","background-position":"center center","background-size":"auto","background-attachment":"scroll","background-type":"","background-media":"","overlay-type":"","overlay-color":"","overlay-opacity":"","overlay-gradient":""},"tablet":{"background-color":"var(--ast-global-color-5)","background-image":"","background-repeat":"repeat","background-position":"center center","background-size":"auto","background-attachment":"scroll","background-type":"","background-media":"","overlay-type":"","overlay-color":"","overlay-opacity":"","overlay-gradient":""},"mobile":{"background-color":"var(--ast-global-color-5)","background-image":"","background-repeat":"repeat","background-position":"center center","background-size":"auto","background-attachment":"scroll","background-type":"","background-media":"","overlay-type":"","overlay-color":"","overlay-opacity":"","overlay-gradient":""}}},"product_cat":[237],"product_tag":[],"class_list":{"0":"post-4083753","1":"product","2":"type-product","3":"status-publish","4":"has-post-thumbnail","6":"product_cat-recaudacion","7":"desktop-align-left","8":"tablet-align-left","9":"mobile-align-left","10":"ast-product-gallery-layout-horizontal-slider","11":"ast-product-gallery-with-no-image","12":"ast-product-tabs-layout-horizontal","14":"first","15":"instock","16":"sold-individually","17":"taxable","18":"shipping-taxable","19":"purchasable","20":"product-type-crowdfunding"},"column":true,"wpcf_product":{"display_name":"Vesta Prueba","location":"","funding_goal":"","total_raised":0,"raised_percent":"0%","desc":"","days_remaining":"0","product_thumb":"<img width=\"1\" height=\"1\" src=\"https:\/\/tipi-cdn-1.sfo3.cdn.digitaloceanspaces.com\/vesta\/2025\/12\/19.jpg\" class=\"attachment-woocommerce_thumbnail size-woocommerce_thumbnail\" alt=\"\" decoding=\"async\" \/>"},"wpcf_dashboard":"<div class=\"woocommerce\"><div class=\"woocommerce-info\">Please log in first? <a class=\"wpneoShowLogin\" href=\"#\">Click here to login<\/a><\/div><div class=\"wpneo_login_form_div\" style=\"display: none;\"><form name=\"loginform\" id=\"loginform\" action=\"https:\/\/thevestastore.com\/wp-login.php\" method=\"post\"><p class=\"login-username\">\n\t\t\t\t<label for=\"user_login\">Username or Email Address<\/label>\n\t\t\t\t<input type=\"text\" name=\"log\" id=\"user_login\" autocomplete=\"username\" class=\"input\" value=\"\" size=\"20\" \/>\n\t\t\t<\/p><p class=\"login-password\">\n\t\t\t\t<label for=\"user_pass\">Password<\/label>\n\t\t\t\t<input type=\"password\" name=\"pwd\" id=\"user_pass\" autocomplete=\"current-password\" spellcheck=\"false\" class=\"input\" value=\"\" size=\"20\" \/>\n\t\t\t<\/p><p class=\"login-remember\"><label><input name=\"rememberme\" type=\"checkbox\" id=\"rememberme\" value=\"forever\" \/> Remember Me<\/label><\/p><p class=\"login-submit\">\n\t\t\t\t<input type=\"submit\" name=\"wp-submit\" id=\"wp-submit\" class=\"button button-primary\" value=\"Log In\" \/>\n\t\t\t\t<input type=\"hidden\" name=\"redirect_to\" value=\"https:\/\/thevestastore.com\/en\/wp-json\/wp\/v2\/product\/4083753\" \/>\n\t\t\t<\/p><\/form><\/div><\/div>","wpcf_single_campaign":"\n<div class=\"wpneo-wrapper\">\n    <div class=\"wpneocf-container\">\n        <div id=\"primary\" class=\"content-area\">\n            <div id=\"content\" class=\"site-content\" role=\"main\">\n                <div class=\"wpneo-list-details\">\n\n\t\t\t\t\t                    <div itemscope itemtype=\"http:\/\/schema.org\/ItemList\" id=\"campaign-4083753\" class=\"post-4083753 product type-product status-publish has-post-thumbnail product_cat-recaudacion desktop-align-left tablet-align-left mobile-align-left ast-product-gallery-layout-horizontal-slider ast-product-gallery-with-no-image ast-product-tabs-layout-horizontal  instock sold-individually taxable shipping-taxable purchasable product-type-crowdfunding\">\n\t\t\t\t\t\t<div class=\"wpneo-campaign-single-left-info\">\n    <div class=\"wpneo-post-img\">   \n        <a href=\"https:\/\/tipi-cdn-1.sfo3.cdn.digitaloceanspaces.com\/vesta\/2025\/12\/19.jpg\" itemprop=\"image\" class=\"wpneo-single-main-image zoom\" title=\"\" data-rel=\"prettyPhoto[product-gallery]\"><img src=\"https:\/\/tipi-cdn-1.sfo3.cdn.digitaloceanspaces.com\/vesta\/2025\/12\/19.jpg\" class=\"attachment-shop_single size-shop_single wp-post-image\" alt=\"\" title=\"19\" decoding=\"async\" \/><\/a>            <\/div>\n    \n    <\/div>                        <div class=\"wpneo-campaign-summary\">\n                            <div class=\"wpneo-campaign-summary-inner\" itemscope itemtype=\"http:\/\/schema.org\/DonateAction\">\n\t\t\t\t\t\t\t\t<h2 class=\"wpneo-campaign-title\">\u00a1TU DONACI\u00d3N HACE EL CAMBIO!<\/h2><p class=\"wpneo-author-info\">\n    by    <a href=\"javascript:;\" data-author=\"1\" class=\"wpneo-fund-modal-btn\">Vesta Prueba<\/a>\n<\/p><div class=\"woocommerce\"><\/div><div class=\"campaign-funding-info\">\n    <ul>\n        <li>\n            <p class=\"funding-amount\">\n                Not Set            <\/p>\n            <span class=\"info-text\">Funding Goal<\/span>\n        <\/li>\n        <li>\n            <p class=\"funding-amount\"><span class=\"woocommerce-Price-amount amount\"><bdi><span class=\"woocommerce-Price-currencySymbol\">Q<\/span>&nbsp;0.00<\/bdi><\/span><\/p>\n            <span class=\"info-text\">Funds Raised<\/span>\n        <\/li>\n        \n        <li>\n            <p class=\"funding-amount\">\n                Campaign Never Ends            <\/p>\n            <span class=\"info-text\">Campaign End Method<\/span>\n        <\/li>\n    <\/ul>\n<\/div><div class=\"wpneo-raised-percent\">\n    <div class=\"wpneo-meta-name\">Raised Percent :<\/div>\n    <div class=\"wpneo-meta-desc\" >0%<\/div>\n<\/div>\n<div class=\"wpneo-raised-bar\">\n    <div id=\"neo-progressbar\">\n                <div style=\"width: 0%\"><\/div>\n    <\/div>\n<\/div><div class=\"wpneo-single-sidebar ASA\">\n\t\n\t\t\t<span class=\"wpneo-tooltip\">\n\t\t\t\t<span class=\"wpneo-tooltip-min\">\n\t\t\t\tMinimum amount is Q\t\t\t\t<\/span>\n\t\t\t\t<span class=\"wpneo-tooltip-max\">\n\t\t\t\tMaximum amount is Q\t\t\t\t<\/span>\n\t\t\t\t<span class=\"wpneo-tooltip-empty\">Put a valid number<\/span>\n\t\t\t<\/span>\n\n\t\t\t<ul class=\"wpcf_predefined_pledge_amount\"> <li><a href='javascript:;' data-predefined-price='10'> <span class=\"woocommerce-Price-amount amount\"><bdi><span class=\"woocommerce-Price-currencySymbol\">Q<\/span>&nbsp;10.00<\/bdi><\/span><\/a> <\/li>  <li><a href='javascript:;' data-predefined-price='25'> <span class=\"woocommerce-Price-amount amount\"><bdi><span class=\"woocommerce-Price-currencySymbol\">Q<\/span>&nbsp;25.00<\/bdi><\/span><\/a> <\/li>  <li><a href='javascript:;' data-predefined-price='50'> <span class=\"woocommerce-Price-amount amount\"><bdi><span class=\"woocommerce-Price-currencySymbol\">Q<\/span>&nbsp;50.00<\/bdi><\/span><\/a> <\/li>  <li><a href='javascript:;' data-predefined-price='100'> <span class=\"woocommerce-Price-amount amount\"><bdi><span class=\"woocommerce-Price-currencySymbol\">Q<\/span>&nbsp;100.00<\/bdi><\/span><\/a> <\/li> <\/ul>\n\t\t\t<form enctype=\"multipart\/form-data\" method=\"post\" class=\"cart AA\">\n\t\t\t\t\t\t\t\tQ\t\t\t\t\n\t\t\t\t<input oninput=\"this.value = this.value.replace(\/[^0-9\\.]\/g, '').split(\/\\.\/).slice(0, 2).join('.')\" type=\"number\" step=\"any\" min=\"1\" placeholder=\"100\" name=\"wpneo_donate_amount_field\" class=\"input-text amount wpneo_donate_amount_field text\" value=\"100\" data-min-price=\"\" data-max-price=\"\" >\n\n\t\t\t\t\t\t\t\t<input type=\"hidden\" value=\"4083753\" name=\"add-to-cart\">\n\t\t\t\t<button type=\"submit\" class=\"wpneo_donate_button\">Back Campaign<\/button>\n\t\t\t<\/form>\n\n\t\t\t<\/div>\n<div class=\"wpneo-campaign-creator-info-wrapper\">\n    <div class=\"wpneo-campaign-creator-avatar\">\n                                    <img alt='' src='https:\/\/secure.gravatar.com\/avatar\/462e32929ca46f7bcbfd395013bc987f6519406ecb439d35e0ae2f0cc99e812a?s=80&#038;d=mm&#038;r=g' srcset='https:\/\/secure.gravatar.com\/avatar\/462e32929ca46f7bcbfd395013bc987f6519406ecb439d35e0ae2f0cc99e812a?s=160&#038;d=mm&#038;r=g 2x' class='avatar avatar-80 photo' height='80' width='80' decoding='async'\/>                        <\/div>\n    <div class=\"wpneo-campaign-creator-details\">\n        <p><a href=\"javascript:;\" data-author=\"1\" class=\"wpneo-fund-modal-btn\" >Vesta Prueba<\/a> <\/p>\n        <p>1 Campaigns | 0 Loved campaigns <\/p>\n                <p><a href=\"javascript:;\" data-author=\"1\" class=\"wpneo-fund-modal-btn wpneo-link-style1\"><strong>See full bio<\/strong><\/a><\/p>\n    <\/div>\n<\/div>                            <\/div><!-- .wpneo-campaign-summary-inner -->\n                        <\/div><!-- .wpneo-campaign-summary -->\n\t\t\t\t\t\t\n    <div class=\"wpneo-tabs\">\n        <ul class=\"wpneo-tabs-menu\">\n                            <li class=\"wpneo-current description_tab\">\n                    <a href=\"#wpneo-tab-description\">Campaign Story<\/a>\n                <\/li>\n                    <\/ul>\n        <div class=\"wpneo-tab\">\n                            <div id=\"wpneo-tab-description\" class=\"wpneo-tab-content\">\n                    \n    <div class=\"tab-description tab_col_9 tab-campaign-story-left\">\n        <h2>Campaign Story<\/h2>\n        <div>\n<div class=\"grid-donacion\">\n<div>\n<h3>\u00a1Somos VESTA!<\/h3>\n<p>ONG Madre Naturaleza reconoce la necesidad de oportunidades de desarrollo en el \u00e1rea rural de Guatemala, dando oportunidad al grupo vulnerable de generar ingresos de forma r\u00e1pida y continua, necesitamos apoyos econ\u00f3micos para trasladarnos a otras regi\u00f3nes y llevar esta oportunidad a m\u00e1s mujeres.<\/p>\n<p>Impulsamos su potencial por medio de capacitaciones acertadas que dan como resultado la creaci\u00f3n de los incre\u00edbles productos que llegan a dar calidez a los hogares del pa\u00eds. De cada 4 mujeres del \u00e1rea rural en Guatemala, 1 mujer no obtuvo ningun grado de escolaridad quedando vulnerable a los abusos de la sociedad. Ahora queremos mostrarle al mundo el trabajo de nuestras artesanas rompiendo las fronteras de Guatemala. \u00bfEst\u00e1s listo\/a para cambiar el juego con nosotros?<\/p>\n<\/div>\n<div class=\"donacion-image\"><\/div>\n<div style=\"margin-top: 25px;\">\n<p>Con tu donaci\u00f3n estas llevando m\u00e1s capacitaci\u00f3n acertada a m\u00e1s familias, creando nuevas oportunidades inexistentes en nuestro pa\u00eds.<\/p>\n<p class=\"aling-donacion\">\u00a1HECHO A MANO ES MEJOR!<\/p>\n<\/div>\n<div style=\"margin-top: 25px;\"><iframe title=\"YouTube video player\" src=\"https:\/\/www.youtube.com\/embed\/jtdWRe7I-gw?si=cuGsvi9zhs-YwMgQ\" width=\"570\" height=\"319\" frameborder=\"0\" allowfullscreen=\"allowfullscreen\"><\/iframe><\/div>\n<\/div>\n<\/div>\n    <\/div>\n\n<div class=\"tab-rewards tab_col_3 tab-campaign-story-right\">\n    <div style=\"clear: both\"><\/div>\n\t<div style=\"clear: both\"><\/div>\n<\/div>                <\/div>\n                    <\/div>\n        <div class=\"clear-float\"><\/div>\n    <\/div>\n\n                        <meta itemprop=\"url\" content=\"https:\/\/thevestastore.com\/en\/product\/donar\/\" \/>\n                    <\/div><!-- #campaign-4083753 -->\n\t\t\t\t\t\t\t\t\t\t\n                <\/div>\n            <\/div><!-- #content -->\n        <\/div><!-- #primary -->\n    <\/div>\n\n<\/div>\n","wpcf_popular_campaign":[],"wpcf_project_listing":[{"ID":4083753,"post_author":"1","post_date":"2021-08-04 22:57:43","post_date_gmt":"2021-08-04 22:57:43","post_content":"<div>\r\n<div class=\"grid-donacion\">\r\n<div>\r\n<h3>\u00a1Somos VESTA!<\/h3>\r\nONG Madre Naturaleza reconoce la necesidad de oportunidades de desarrollo en el \u00e1rea rural de Guatemala, dando oportunidad al grupo vulnerable de generar ingresos de forma r\u00e1pida y continua, necesitamos apoyos econ\u00f3micos para trasladarnos a otras regi\u00f3nes y llevar esta oportunidad a m\u00e1s mujeres.\r\n\r\nImpulsamos su potencial por medio de capacitaciones acertadas que dan como resultado la creaci\u00f3n de los incre\u00edbles productos que llegan a dar calidez a los hogares del pa\u00eds. De cada 4 mujeres del \u00e1rea rural en Guatemala, 1 mujer no obtuvo ningun grado de escolaridad quedando vulnerable a los abusos de la sociedad. Ahora queremos mostrarle al mundo el trabajo de nuestras artesanas rompiendo las fronteras de Guatemala. \u00bfEst\u00e1s listo\/a para cambiar el juego con nosotros?\r\n\r\n<\/div>\r\n<div class=\"donacion-image\"><\/div>\r\n<div style=\"margin-top: 25px;\">\r\n\r\nCon tu donaci\u00f3n estas llevando m\u00e1s capacitaci\u00f3n acertada a m\u00e1s familias, creando nuevas oportunidades inexistentes en nuestro pa\u00eds.\r\n<p class=\"aling-donacion\">\u00a1HECHO A MANO ES MEJOR!<\/p>\r\n\r\n<\/div>\r\n<div style=\"margin-top: 25px;\"><iframe title=\"YouTube video player\" src=\"https:\/\/www.youtube.com\/embed\/jtdWRe7I-gw?si=cuGsvi9zhs-YwMgQ\" width=\"570\" height=\"319\" frameborder=\"0\" allowfullscreen=\"allowfullscreen\"><\/iframe><\/div>\r\n<\/div>\r\n<\/div>","post_title":"\u00a1TU DONACI\u00d3N HACE EL CAMBIO!","post_excerpt":"","post_status":"publish","comment_status":"closed","ping_status":"closed","post_password":"","post_name":"donar","to_ping":"","pinged":"","post_modified":"2025-12-04 03:21:22","post_modified_gmt":"2025-12-04 03:21:22","post_content_filtered":"","post_parent":0,"guid":"https:\/\/thevestastore.com\/?post_type=product&#038;p=4083753","menu_order":0,"post_type":"product","post_mime_type":"","comment_count":"0","filter":"raw"}],"_links":{"self":[{"href":"https:\/\/thevestastore.com\/en\/wp-json\/wp\/v2\/product\/4083753","targetHints":{"allow":["GET"]}}],"collection":[{"href":"https:\/\/thevestastore.com\/en\/wp-json\/wp\/v2\/product"}],"about":[{"href":"https:\/\/thevestastore.com\/en\/wp-json\/wp\/v2\/types\/product"}],"replies":[{"embeddable":true,"href":"https:\/\/thevestastore.com\/en\/wp-json\/wp\/v2\/comments?post=4083753"}],"wp:featuredmedia":[{"embeddable":true,"href":"https:\/\/thevestastore.com\/en\/wp-json\/wp\/v2\/media\/4084820"}],"wp:attachment":[{"href":"https:\/\/thevestastore.com\/en\/wp-json\/wp\/v2\/media?parent=4083753"}],"wp:term":[{"taxonomy":"product_cat","embeddable":true,"href":"https:\/\/thevestastore.com\/en\/wp-json\/wp\/v2\/product_cat?post=4083753"},{"taxonomy":"product_tag","embeddable":true,"href":"https:\/\/thevestastore.com\/en\/wp-json\/wp\/v2\/product_tag?post=4083753"}],"curies":[{"name":"wp","href":"https:\/\/api.w.org\/{rel}","templated":true}]}}